{"id":11774,"date":"2023-08-21T14:19:42","date_gmt":"2023-08-21T14:19:42","guid":{"rendered":"https:\/\/toyosupport.ca\/?page_id=11774"},"modified":"2025-04-29T11:29:11","modified_gmt":"2025-04-29T11:29:11","slug":"registre","status":"publish","type":"page","link":"https:\/\/demowp.toyosupport.ca\/fr\/registre\/","title":{"rendered":"Registre"},"content":{"rendered":"\t\t<div data-elementor-type=\"wp-page\" data-elementor-id=\"11774\" class=\"elementor elementor-11774 elementor-430\">\n\t\t\t\t\t\t<section class=\"elementor-section elementor-top-section elementor-element elementor-element-69f862b6 elementor-section-full_width elementor-section-stretched elementor-section-height-default elementor-section-height-default\" data-id=\"69f862b6\" data-element_type=\"section\" data-settings=\"{&quot;stretch_section&quot;:&quot;section-stretched&quot;}\">\n\t\t\t\t\t\t<div class=\"elementor-container elementor-column-gap-no\">\n\t\t\t\t\t<div class=\"elementor-column elementor-col-100 elementor-top-column elementor-element elementor-element-6ffca273\" data-id=\"6ffca273\" data-element_type=\"column\">\n\t\t\t<div class=\"elementor-widget-wrap elementor-element-populated\">\n\t\t\t\t\t\t<div class=\"elementor-element elementor-element-61a3045 elementor-widget__width-inherit elementor-widget elementor-widget-shortcode\" data-id=\"61a3045\" data-element_type=\"widget\" data-widget_type=\"shortcode.default\">\n\t\t\t\t<div class=\"elementor-widget-container\">\n\t\t\t\t\t<div class=\"elementor-shortcode\"><div id=\"metaslider-id-11685\" style=\"width: 100%;\" class=\"ml-slider-3-70-2 metaslider metaslider-flex metaslider-11685 ml-slider ms-theme-default\" role=\"region\" aria-roledescription=\"Slideshow\" aria-label=\"New Slideshow\">\n    <div id=\"metaslider_container_11685\">\n        <div id=\"metaslider_11685\">\n            <ul aria-live=\"polite\" class=\"slides\">\n                <li style=\"display: block; width: 100%;\" class=\"slide-11694 ms-image \" aria-roledescription=\"slide\" aria-label=\"slide-11694\"><img fetchpriority=\"high\" decoding=\"async\" src=\"https:\/\/demowp.toyosupport.ca\/wp-content\/uploads\/2025\/04\/1538769327_Rebate_info_no_mail_FR-1905x290-1.jpg\" height=\"290\" width=\"1905\" alt=\"Alors, qu&#039;est-ce qui se passe avec les noix ?\" class=\"slider-11685 slide-11694\" title=\"Alors, qu&#039;est-ce qui se passe avec les noix ?\" \/><\/li>\n                <li style=\"display: none; width: 100%;\" class=\"slide-11695 ms-image \" aria-roledescription=\"slide\" aria-label=\"slide-11695\"><img decoding=\"async\" src=\"https:\/\/demowp.toyosupport.ca\/wp-content\/uploads\/2025\/04\/1539206289_Inner_banner_Why_nuts_FR-1905x290-1.jpg\" height=\"290\" width=\"1905\" alt=\"Il existe un moyen plus simple pour les clients d&#039;enregistrer leurs remises\" class=\"slider-11685 slide-11695\" title=\"Il existe un moyen plus simple pour les clients d&#039;enregistrer leurs remises\" \/><\/li>\n                <li style=\"display: none; width: 100%;\" class=\"slide-11696 ms-image \" aria-roledescription=\"slide\" aria-label=\"slide-11696\"><img decoding=\"async\" src=\"https:\/\/demowp.toyosupport.ca\/wp-content\/uploads\/2025\/04\/1580161152_training_site_FR-1905x290-1.jpg\" height=\"290\" width=\"1905\" alt=\"Le programme de formation Toyo\" class=\"slider-11685 slide-11696\" title=\"Le programme de formation Toyo\" \/><\/li>\n                <li style=\"display: none; width: 100%;\" class=\"slide-11697 ms-image \" aria-roledescription=\"slide\" aria-label=\"slide-11697\"><img loading=\"lazy\" decoding=\"async\" src=\"https:\/\/demowp.toyosupport.ca\/wp-content\/uploads\/2025\/04\/1538768713_free_advertising_FR-1905x290-1.jpg\" height=\"290\" width=\"1905\" alt=\"Annoncez gratuitement\" class=\"slider-11685 slide-11697\" title=\"Annoncez gratuitement\" \/><\/li>\n            <\/ul>\n        <\/div>\n        \n    <\/div>\n<\/div><\/div>\n\t\t\t\t<\/div>\n\t\t\t\t<\/div>\n\t\t\t\t<div class=\"elementor-element elementor-element-79535f11 elementor-widget elementor-widget-shortcode\" data-id=\"79535f11\" data-element_type=\"widget\" data-widget_type=\"shortcode.default\">\n\t\t\t\t<div class=\"elementor-widget-container\">\n\t\t\t\t\t<div class=\"elementor-shortcode\">\n<div class=\"um um-register um-424\">\n\t<div class=\"um-form\" data-mode=\"register\">\n\t\t<form method=\"post\" action=\"\">\n\t\t\t<div class=\"um-row _um_row_1 \" style=\"margin: 0 0 30px 0;\"><div class=\"um-col-1\"><div  id=\"um_field_424_first_name\" class=\"um-field um-field-text  um-field-first_name um-field-text um-field-type_text\" data-key=\"first_name\"><div class=\"um-field-label\"><label for=\"first_name-424\">Pr\u00e9nom<\/label><div class=\"um-clear\"><\/div><\/div><div class=\"um-field-area\"><input  autocomplete=\"off\" class=\"um-form-field valid \" type=\"text\" name=\"first_name-424\" id=\"first_name-424\" value=\"\" placeholder=\"\" data-validate=\"\" data-key=\"first_name\"  aria-invalid=\"false\" \/>\n\n\t\t\t\t\t\t<\/div><\/div><div  id=\"um_field_424_last_name\" class=\"um-field um-field-text  um-field-last_name um-field-text um-field-type_text\" data-key=\"last_name\"><div class=\"um-field-label\"><label for=\"last_name-424\">Nom de famille<\/label><div class=\"um-clear\"><\/div><\/div><div class=\"um-field-area\"><input  autocomplete=\"off\" class=\"um-form-field valid \" type=\"text\" name=\"last_name-424\" id=\"last_name-424\" value=\"\" placeholder=\"\" data-validate=\"\" data-key=\"last_name\"  aria-invalid=\"false\" \/>\n\n\t\t\t\t\t\t<\/div><\/div><div  id=\"um_field_424_user_email\" class=\"um-field um-field-text  um-field-user_email um-field-text um-field-type_text\" data-key=\"user_email\"><div class=\"um-field-label\"><label for=\"user_email-424\">E-mail<\/label><div class=\"um-clear\"><\/div><\/div><div class=\"um-field-area\"><input  autocomplete=\"off\" class=\"um-form-field valid \" type=\"text\" name=\"user_email-424\" id=\"user_email-424\" value=\"\" placeholder=\"\" data-validate=\"0\" data-key=\"user_email\"  aria-invalid=\"false\" \/>\n\n\t\t\t\t\t\t<\/div><\/div><div  id=\"um_field_424_user_password\" class=\"um-field um-field-password  um-field-user_password um-field-password um-field-type_password\" data-key=\"user_password\"><div class=\"um-field-label\"><label for=\"user_password-424\">Mot de passe<\/label><div class=\"um-clear\"><\/div><\/div><div class=\"um-field-area\"><input class=\"um-form-field valid \" type=\"password\" name=\"user_password-424\" id=\"user_password-424\" value=\"\" placeholder=\"\" data-validate=\"\" data-key=\"user_password\"  aria-invalid=\"false\" \/>\n\n\t\t\t\t\t\t\t<\/div><\/div><div  id=\"um_field_424_confirm_user_password\" class=\"um-field um-field-password  um-field-user_password um-field-password um-field-type_password\" data-key=\"confirm_user_password\"><div class=\"um-field-label\"><label for=\"confirm_user_password-424\">Confirmez le mot de passe<\/label><div class=\"um-clear\"><\/div><\/div><div class=\"um-field-area\"><input class=\"um-form-field valid \" type=\"password\" name=\"confirm_user_password-424\" id=\"confirm_user_password-424\" value=\"\" placeholder=\"Confirmez le mot de passe\" data-validate=\"\" data-key=\"confirm_user_password\"  aria-invalid=\"false\" \/><\/div><\/div>    <div id='um-field-show-passwords-register' style='text-align:right;display:block;'>\r\n        <i class='um-faicon-eye-slash'><\/i>\r\n        <a href='#'>Afficher le mot de passe<\/a>\r\n    <\/div>\r\n\t<input type=\"hidden\" name=\"um_set_mode\" id=\"um_set_mode\" value=\"register\">\r\n    \r\n    <div  id=\"um_field_424_user_company_name\" class=\"um-field um-field-text  um-field-user_company_name um-field-text um-field-type_text\" data-key=\"user_company_name\"><div class=\"um-field-label\"><label for=\"user_company_name-424\">Nom de l&#039;entreprise<\/label><div class=\"um-clear\"><\/div><\/div><div class=\"um-field-area\"><input  autocomplete=\"off\" class=\"um-form-field valid not-required \" type=\"text\" name=\"user_company_name-424\" id=\"user_company_name-424\" value=\"\" placeholder=\"\" data-validate=\"\" data-key=\"user_company_name\"  aria-invalid=\"false\" \/>\n\n\t\t\t\t\t\t<\/div><\/div><div  id=\"um_field_424_dealer_number\" class=\"um-field um-field-text  um-field-dealer_number um-field-text um-field-type_text\" data-key=\"dealer_number\"><div class=\"um-field-label\"><label for=\"dealer_number-424\">Num\u00e9ro de revendeur<\/label><div class=\"um-clear\"><\/div><\/div><div class=\"um-field-area\"><input  autocomplete=\"off\" class=\"um-form-field valid not-required \" type=\"text\" name=\"dealer_number-424\" id=\"dealer_number-424\" value=\"\" placeholder=\"\" data-validate=\"\" data-key=\"dealer_number\"  aria-invalid=\"false\" \/>\n\n\t\t\t\t\t\t<\/div><\/div><div  id=\"um_field_424_user_address\" class=\"um-field um-field-text  um-field-user_address um-field-text um-field-type_text\" data-key=\"user_address\"><div class=\"um-field-label\"><label for=\"user_address-424\">Adresse<\/label><div class=\"um-clear\"><\/div><\/div><div class=\"um-field-area\"><input  autocomplete=\"off\" class=\"um-form-field valid not-required \" type=\"text\" name=\"user_address-424\" id=\"user_address-424\" value=\"\" placeholder=\"\" data-validate=\"\" data-key=\"user_address\"  aria-invalid=\"false\" \/>\n\n\t\t\t\t\t\t<\/div><\/div><div  id=\"um_field_424_user_city\" class=\"um-field um-field-text  um-field-user_city um-field-text um-field-type_text\" data-key=\"user_city\"><div class=\"um-field-label\"><label for=\"user_city-424\">Ville<\/label><div class=\"um-clear\"><\/div><\/div><div class=\"um-field-area\"><input  autocomplete=\"off\" class=\"um-form-field valid not-required \" type=\"text\" name=\"user_city-424\" id=\"user_city-424\" value=\"\" placeholder=\"\" data-validate=\"\" data-key=\"user_city\"  aria-invalid=\"false\" \/>\n\n\t\t\t\t\t\t<\/div><\/div><div  id=\"um_field_424_user_province\" class=\"um-field um-field-select  um-field-user_province um-field-select um-field-type_select\" data-key=\"user_province\"><div class=\"um-field-label\"><label for=\"user_province-424\">Province<\/label><div class=\"um-clear\"><\/div><\/div><div class=\"um-field-area  \"><select data-default=\"\"     name=\"user_province\" id=\"user_province\" data-validate=\"\" data-key=\"user_province\" class=\"um-form-field valid not-required um-s1 \" style=\"width: 100%\" data-placeholder=\"Select Province\"   aria-invalid=\"false\" ><option value=\"\"><\/option><option value=\"Alberta\" >Alberta<\/option><option value=\"British Columbia\" >British Columbia<\/option><option value=\"Manitoba\" >Manitoba<\/option><option value=\"New Brunswick\" >New Brunswick<\/option><option value=\"Newfoundland and Labrador\" >Newfoundland and Labrador<\/option><option value=\"Northwest Territories\" >Northwest Territories<\/option><option value=\"Nova Scotia\" >Nova Scotia<\/option><option value=\"Nunavut\" >Nunavut<\/option><option value=\"Ontario\" >Ontario<\/option><option value=\"Prince Edward Island\" >Prince Edward Island<\/option><option value=\"Quebec\" >Quebec<\/option><option value=\"Saskatchewan\" >Saskatchewan<\/option><option value=\"Yukon\" >Yukon<\/option><\/select><\/div><\/div><div  id=\"um_field_424_user_postalcode\" class=\"um-field um-field-text  um-field-user_postalcode um-field-text um-field-type_text\" data-key=\"user_postalcode\"><div class=\"um-field-label\"><label for=\"user_postalcode-424\">Code Postal<\/label><div class=\"um-clear\"><\/div><\/div><div class=\"um-field-area\"><input  autocomplete=\"off\" class=\"um-form-field valid not-required \" type=\"text\" name=\"user_postalcode-424\" id=\"user_postalcode-424\" value=\"\" placeholder=\"\" data-validate=\"\" data-key=\"user_postalcode\"  aria-invalid=\"false\" \/>\n\n\t\t\t\t\t\t<\/div><\/div><div  id=\"um_field_424_phone_number\" class=\"um-field um-field-tel  um-field-phone_number um-field-tel um-field-type_tel\" data-key=\"phone_number\"><div class=\"um-field-label\"><label for=\"phone_number-424\">T\u00e9l\u00e9phone<\/label><div class=\"um-clear\"><\/div><\/div><div class=\"um-field-area\"><input  autocomplete=\"off\" class=\"um-form-field valid not-required \" type=\"tel\" name=\"phone_number-424\" id=\"phone_number-424\" value=\"\" placeholder=\"\" data-validate=\"phone_number\" data-key=\"phone_number\"  aria-invalid=\"false\" \/>\n\n\t\t\t\t\t\t<\/div><\/div><div  id=\"um_field_424_user_fax\" class=\"um-field um-field-text  um-field-user_fax um-field-text um-field-type_text\" data-key=\"user_fax\"><div class=\"um-field-label\"><label for=\"user_fax-424\">Fax<\/label><div class=\"um-clear\"><\/div><\/div><div class=\"um-field-area\"><input  autocomplete=\"off\" class=\"um-form-field valid not-required \" type=\"text\" name=\"user_fax-424\" id=\"user_fax-424\" value=\"\" placeholder=\"\" data-validate=\"\" data-key=\"user_fax\"  aria-invalid=\"false\" \/>\n\n\t\t\t\t\t\t<\/div><\/div><div  id=\"um_field_424_user_toyo_rep\" class=\"um-field um-field-select  um-field-user_toyo_rep um-field-select um-field-type_select\" data-key=\"user_toyo_rep\"><div class=\"um-field-label\"><label for=\"user_toyo_rep-424\">Repr\u00e9sentant Toyo<\/label><div class=\"um-clear\"><\/div><\/div><div class=\"um-field-area  \"><select data-default=\"\"     name=\"user_toyo_rep\" id=\"user_toyo_rep\" data-validate=\"\" data-key=\"user_toyo_rep\" class=\"um-form-field valid not-required um-s1 \" style=\"width: 100%\" data-placeholder=\"Select Toyo rep\"   aria-invalid=\"false\" ><option value=\"\"><\/option><option value=\"JP Marion\" >JP Marion<\/option><option value=\"Cliff Culbert\" >Cliff Culbert<\/option><option value=\"James Richardson\" >James Richardson<\/option><option value=\"Steve Gilbert\" >Steve Gilbert<\/option><option value=\"Tim O&#039;shaughnessy\" >Tim O&#039;shaughnessy<\/option><option value=\"Doug Martin\" >Doug Martin<\/option><option value=\"Fr\u00e9d\u00e9ric Savard\" >Fr\u00e9d\u00e9ric Savard<\/option><option value=\"Robert Sheremet\" >Robert Sheremet<\/option><option value=\"Steve Bourasa\" >Steve Bourasa<\/option><option value=\"Jean-Patrick Flynn\" >Jean-Patrick Flynn<\/option><option value=\"Dustin Hora\" >Dustin Hora<\/option><option value=\"Marc-Andr\u00e9 Charette\" >Marc-Andr\u00e9 Charette<\/option><option value=\"Nicolas Tremblay-Bujold\" >Nicolas Tremblay-Bujold<\/option><\/select><\/div><\/div><div  id=\"um_field_424_user_lang_pre\" class=\"um-field um-field-select  um-field-user_lang_pre um-field-select um-field-type_select\" data-key=\"user_lang_pre\"><div class=\"um-field-label\"><label for=\"user_lang_pre-424\">Pr\u00e9f\u00e9rence linguistique<\/label><div class=\"um-clear\"><\/div><\/div><div class=\"um-field-area  \"><select data-default=\"English\"     name=\"user_lang_pre\" id=\"user_lang_pre\" data-validate=\"\" data-key=\"user_lang_pre\" class=\"um-form-field valid not-required um-s1 \" style=\"width: 100%\" data-placeholder=\"\"   aria-invalid=\"false\" ><option value=\"\"><\/option><option value=\"English\" selected>English<\/option><option value=\"Fran\u00e7ais\" >Fran\u00e7ais<\/option><\/select><\/div><\/div><div  class=\"um-field um-field-shortcode  um-field-shortcode um-field-type_shortcode\" data-key=\"um_shortcode_424_16\">    <label for=\"Usergroup\">Group<\/label>\r\n    <select class=\"form-control\" name=\"Usergroup\" id=\"Usergroup\">\r\n        <option value=\"\">Group<\/option>\r\n        <optgroup label=\"Tire Dealers\">\r\n            <option value=\"Independent tire dealers\">Independent tire dealers<\/option>\r\n            <option value=\"Kal Tire\">Kal Tire<\/option>\r\n            <option value=\"Tire discounter group\">Tire discounter group<\/option>\r\n        <\/optgroup>\r\n        <optgroup label=\"Auto Dealership\">\r\n            <option value=\"Audi\/Volkswagen\">Audi\/Volkswagen<\/option>\r\n            <option value=\"Chevrolet\/GM\">Chevrolet\/GM<\/option>\r\n            <option value=\"Chrysler\">Chrysler<\/option>\r\n            <option value=\"Ford\">Ford<\/option>\r\n            <option value=\"Honda\/Acura\">Honda\/Acura<\/option>\r\n            <option value=\"Hyundai\">Hyundai<\/option>\r\n            <option value=\"Kia\">Kia<\/option>\r\n            <option value=\"Mazda\">Mazda<\/option>\r\n            <option value=\"Mitsubishi\">Mitsubishi<\/option>\r\n            <option value=\"Nissan\/Infiniti\">Nissan\/Infiniti<\/option>\r\n            <option value=\"Subaru\">Subaru<\/option>\r\n            <option value=\"Toyota\/Lexus\">Toyota\/Lexus<\/option>\r\n        <\/optgroup>\r\n        <optgroup label=\"Misc\">\r\n            <option value=\"Advertising agency\">Advertising agency<\/option>\r\n            <option value=\"Media \u2013 print-video-radio\">Media \u2013 print-video-radio<\/option>\r\n            <option value=\"Miscellaneous\">Miscellaneous<\/option>\r\n        <\/optgroup>\r\n        <optgroup label=\"Admin\">\r\n            <option value=\"Toyo Employee\">Toyo Employee<\/option>\r\n        <\/optgroup>\r\n    <\/select>\r\n\r\n    <script>\r\n        jQuery(document).ready(function($) {\r\n            $('#Usergroup').select2();\r\n        });\r\n    <\/script>\r\n\r\n    <\/div><div  id=\"um_field_424_user_advance_support\" class=\"um-field um-field-select  um-field-user_advance_support um-field-select um-field-type_select\" data-key=\"user_advance_support\"><div class=\"um-field-label\"><label for=\"user_advance_support-424\">Avez-vous besoin d&#039;un acc\u00e8s au site d&#039;assistance AVANC\u00c9? Veuillez noter que cette option doit \u00eatre approuv\u00e9e par votre repr\u00e9sentant Toyo Tire.<\/label><div class=\"um-clear\"><\/div><\/div><div class=\"um-field-area  \"><select data-default=\"No I don&#039;t need advanced access\"     name=\"user_advance_support\" id=\"user_advance_support\" data-validate=\"\" data-key=\"user_advance_support\" class=\"um-form-field valid not-required um-s1 \" style=\"width: 100%\" data-placeholder=\"\"   aria-invalid=\"false\" ><option value=\"\"><\/option><option value=\"No I don&#039;t need advanced access\" selected>Non, je n&#039;ai pas besoin d&#039;un acc\u00e8s avanc\u00e9<\/option><option value=\"Yes, please give me access\" >Oui, s&#039;il vous pla\u00eet donnez-moi acc\u00e8s<\/option><\/select><\/div><\/div><div  class=\"um-field um-field-block  um-field-block um-field-type_block\" data-key=\"um_block_424_18\"><div class=\"regdFormBase2\">\r\n<div class=\"input-group\">\r\n<h5>Would you wish to receive information on:<\/h5>\r\nThis would include upcoming sales events material, new advertising initiatives, promotional items such as clothing, point of purchase displays, coop changes or updates, and how to participate.\r\n\r\n<\/div>\r\n<\/div><\/div><div  id=\"um_field_424_user_ad_sales_pro\" class=\"um-field um-field-radio  um-field-user_ad_sales_pro um-field-radio um-field-type_radio\" data-key=\"user_ad_sales_pro\"  aria-invalid=\"false\" ><div class=\"um-field-label\"><label for=\"user_ad_sales_pro-424\">Publicit\u00e9 et promotion des ventes<\/label><div class=\"um-clear\"><\/div><\/div><div class=\"um-field-area\"><label class=\"um-field-radio active um-field-half \"><input  type=\"radio\" name=\"user_ad_sales_pro[]\" value=\"Yes\" checked \/><span class=\"um-field-radio-state\"><i class=\"um-icon-android-radio-button-on\"><\/i><\/span><span class=\"um-field-radio-option\">Oui<\/span><\/label><label class=\"um-field-radio  um-field-half  right \"><input  type=\"radio\" name=\"user_ad_sales_pro[]\" value=\"No\"  \/><span class=\"um-field-radio-state\"><i class=\"um-icon-android-radio-button-off\"><\/i><\/span><span class=\"um-field-radio-option\">Non<\/span><\/label><div class=\"um-clear\"><\/div><div class=\"um-clear\"><\/div><\/div><\/div><div  class=\"um-field um-field-block  um-field-block um-field-type_block\" data-key=\"um_block_424_20\">New product launches, increased size options, pricing changes, etc.<\/div><div  id=\"um_field_424_user_new_pro_info\" class=\"um-field um-field-radio  um-field-user_new_pro_info um-field-radio um-field-type_radio\" data-key=\"user_new_pro_info\"  aria-invalid=\"false\" ><div class=\"um-field-label\"><label for=\"user_new_pro_info-424\">Informations sur les nouveaux produits<\/label><div class=\"um-clear\"><\/div><\/div><div class=\"um-field-area\"><label class=\"um-field-radio active um-field-half \"><input  type=\"radio\" name=\"user_new_pro_info[]\" value=\"Yes\" checked \/><span class=\"um-field-radio-state\"><i class=\"um-icon-android-radio-button-on\"><\/i><\/span><span class=\"um-field-radio-option\">Oui<\/span><\/label><label class=\"um-field-radio  um-field-half  right \"><input  type=\"radio\" name=\"user_new_pro_info[]\" value=\"No\"  \/><span class=\"um-field-radio-state\"><i class=\"um-icon-android-radio-button-off\"><\/i><\/span><span class=\"um-field-radio-option\">Non<\/span><\/label><div class=\"um-clear\"><\/div><div class=\"um-clear\"><\/div><\/div><\/div><div  class=\"um-field um-field-block  um-field-block um-field-type_block\" data-key=\"um_block_424_22\">Sometimes we like to get your opinion on how we are doing. If you would like to participate please let us know. We promise we won\u2019t be sending you too many emails and you\u2019ll always have the option to opt out at any time.<\/div><div  id=\"um_field_424_user_surveys\" class=\"um-field um-field-radio  um-field-user_surveys um-field-radio um-field-type_radio\" data-key=\"user_surveys\"  aria-invalid=\"false\" ><div class=\"um-field-label\"><label for=\"user_surveys-424\">Accepter les sondages<\/label><div class=\"um-clear\"><\/div><\/div><div class=\"um-field-area\"><label class=\"um-field-radio active um-field-half \"><input  type=\"radio\" name=\"user_surveys[]\" value=\"Yes\" checked \/><span class=\"um-field-radio-state\"><i class=\"um-icon-android-radio-button-on\"><\/i><\/span><span class=\"um-field-radio-option\">Oui<\/span><\/label><label class=\"um-field-radio  um-field-half  right \"><input  type=\"radio\" name=\"user_surveys[]\" value=\"No\"  \/><span class=\"um-field-radio-state\"><i class=\"um-icon-android-radio-button-off\"><\/i><\/span><span class=\"um-field-radio-option\">Non<\/span><\/label><div class=\"um-clear\"><\/div><div class=\"um-clear\"><\/div><\/div><\/div><\/div><\/div>\t\t<input type=\"hidden\" name=\"form_id\" id=\"form_id_424\" value=\"424\" \/>\n\t\n\t<p class=\"um_request_name\">\n\t\t<label for=\"um_request_424\">Only fill in if you are not human<\/label>\n\t\t<input type=\"hidden\" name=\"um_request\" id=\"um_request_424\" class=\"input\" value=\"\" size=\"25\" autocomplete=\"off\" \/>\n\t<\/p>\n\n\t<input type=\"hidden\" id=\"_wpnonce\" name=\"_wpnonce\" value=\"c755532806\" \/><input type=\"hidden\" name=\"_wp_http_referer\" value=\"\/fr\/wp-json\/wp\/v2\/pages\/11774\" \/>\n\t<div class=\"um-col-alt\">\n\n\t\t\n\t\t\t<div class=\"um-center\">\n\t\t\t\t<input type=\"submit\" value=\"Registre\" class=\"um-button\" id=\"um-submit-btn\" \/>\n\t\t\t<\/div>\n\n\t\t\n\t\t<div class=\"um-clear\"><\/div>\n\n\t<\/div>\n\n\t\t\t<\/form>\n\t<\/div>\n<\/div>\n<style>\n\t\t\t.um-424.um {\n\t\t\tmax-width: 450px;\n\t\t}\n\t\t<\/style>\n<\/div>\n\t\t\t\t<\/div>\n\t\t\t\t<\/div>\n\t\t\t\t\t<\/div>\n\t\t<\/div>\n\t\t\t\t\t<\/div>\n\t\t<\/section>\n\t\t\t\t<section class=\"elementor-section elementor-top-section elementor-element elementor-element-a0920fd elementor-section-boxed elementor-section-height-default elementor-section-height-default\" data-id=\"a0920fd\" data-element_type=\"section\">\n\t\t\t\t\t\t<div class=\"elementor-container elementor-column-gap-default\">\n\t\t\t\t\t<div class=\"elementor-column elementor-col-100 elementor-top-column elementor-element elementor-element-fa60f2d\" data-id=\"fa60f2d\" data-element_type=\"column\">\n\t\t\t<div class=\"elementor-widget-wrap elementor-element-populated\">\n\t\t\t\t\t\t\t<\/div>\n\t\t<\/div>\n\t\t\t\t\t<\/div>\n\t\t<\/section>\n\t\t\t\t<\/div>\n\t\t","protected":false},"excerpt":{"rendered":"Pr\u00e9nom Nom de famille E-mail Mot de passe Confirmez le mot de passe Afficher le mot de passe Nom de [...]","protected":false},"author":1,"featured_media":0,"parent":0,"menu_order":0,"comment_status":"closed","ping_status":"closed","template":"","meta":{"footnotes":""},"class_list":["post-11774","page","type-page","status-publish","hentry","user-has-not-earned"],"acf":[],"_links":{"self":[{"href":"https:\/\/demowp.toyosupport.ca\/fr\/wp-json\/wp\/v2\/pages\/11774","targetHints":{"allow":["GET"]}}],"collection":[{"href":"https:\/\/demowp.toyosupport.ca\/fr\/wp-json\/wp\/v2\/pages"}],"about":[{"href":"https:\/\/demowp.toyosupport.ca\/fr\/wp-json\/wp\/v2\/types\/page"}],"author":[{"embeddable":true,"href":"https:\/\/demowp.toyosupport.ca\/fr\/wp-json\/wp\/v2\/users\/1"}],"replies":[{"embeddable":true,"href":"https:\/\/demowp.toyosupport.ca\/fr\/wp-json\/wp\/v2\/comments?post=11774"}],"version-history":[{"count":4,"href":"https:\/\/demowp.toyosupport.ca\/fr\/wp-json\/wp\/v2\/pages\/11774\/revisions"}],"predecessor-version":[{"id":11778,"href":"https:\/\/demowp.toyosupport.ca\/fr\/wp-json\/wp\/v2\/pages\/11774\/revisions\/11778"}],"wp:attachment":[{"href":"https:\/\/demowp.toyosupport.ca\/fr\/wp-json\/wp\/v2\/media?parent=11774"}],"curies":[{"name":"wp","href":"https:\/\/api.w.org\/{rel}","templated":true}]}}